{"id":10609,"date":"2025-03-20T11:20:13","date_gmt":"2025-03-20T10:20:13","guid":{"rendered":"https:\/\/ingeno.it\/?post_type=product&#038;p=10609"},"modified":"2025-12-30T12:50:23","modified_gmt":"2025-12-30T11:50:23","slug":"genetica-e-skin-aging-diagnostica-prevenzione-e-trattamento","status":"publish","type":"product","link":"https:\/\/ingeno.it\/en\/prodotto\/genetica-e-skin-aging-diagnostica-prevenzione-e-trattamento\/","title":{"rendered":"Genetica e skin aging: diagnostica, prevenzione e trattamento"},"content":{"rendered":"<p>La tua pelle racconta la tua storia. Ogni ruga, ogni cambiamento \u00e8 il risultato di un delicato equilibrio tra genetica e ambiente. Ma cosa succederebbe se potessimo capire e anticipare questi processi?<\/p>\n<p>La scienza della genetica ci svela i segreti della pelle e dei capelli, spiegando come il DNA influenzi la loro struttura, il loro invecchiamento e la loro capacit\u00e0 di rigenerarsi. Studi avanzati dimostrano che il DNA mitocondriale gioca un ruolo chiave nel deterioramento cutaneo, accelerato da stress ossidativo, esposizione solare e stile di vita.<\/p>\n<p>Grazie alle moderne tecniche di analisi genetica, oggi \u00e8 possibile individuare predisposizioni individuali all\u2019invecchiamento cutaneo, sensibilit\u00e0 ai raggi UV, qualit\u00e0 del collagene e tendenza alla perdita di elasticit\u00e0. Conoscere il proprio profilo genetico apre la strada a strategie di prevenzione mirate, nutrizione personalizzata e trattamenti cosmetici studiati su misura.<\/p>\n<p>A CHI SI RIVOLGE<\/p>\n<p>Il corso \u00e8 rivolto a professionisti del settore sanitario, biologi, farmacisti e biotecnologi.<\/p>\n<p>\u00c8 destinato anche a consulenti commerciali o chiunque voglia rafforzare le proprie competenze nell\u2019ambito dei trattamenti innovativi sul trattamento dello skin aging.<\/p>\n<p>SVOLGIMENTO E DURATA DEL CORSO<\/p>\n<p>Il Corso si svolge in e-learning sulla piattaforma InGeno, con accesso libero 24 ore al giorno, 7 giorni su 7, a seconda della propria disponibilit\u00e0. Il Corso non ha data di inizio o scadenze prestabilite, l\u2019accesso alla piattaforma FAD \u00e8 garantito entro 48 ore dall\u2019iscrizione e per un anno fino al completamento del percorso formativo.<\/p>\n<p>I contenuti didattici sono composti da dispense in formato pdf e materiale multimediale (video e\/o podcast).<\/p>\n<p>Verr\u00e0 monitorata l\u2019attivit\u00e0 di ogni singolo allievo\u00a0per verificare che sia stato effettuato l\u2019accesso a tutte le risorse.<\/p>\n<p>CONCLUSIONE DEL PERCORSO<\/p>\n<p>Il test di valutazione dell\u2019apprendimento \u00e8 effettuato direttamente sulla piattaforma, il superamento del test \u00e8 requisito per l\u2019ottenimento dell\u2019attestato finale.<\/p>\n<p>TITOLO RILASCIATO<\/p>\n<p>Il corso rilascia l\u2019attestato di partecipazione erogato da InGeno.<\/p>\n","protected":false},"excerpt":{"rendered":"<p>Grazie alle moderne tecniche di analisi genetica, oggi \u00e8 possibile individuare predisposizioni individuali all\u2019invecchiamento cutaneo, sensibilit\u00e0 ai raggi UV e fotoesposizione, qualit\u00e0 del collagene e tendenza alla perdita di elasticit\u00e0. Conoscere il proprio profilo genetico apre la strada a strategie di prevenzione mirate, nutrizione personalizzata e trattamenti cosmetici studiati su misura.<\/p>\n","protected":false},"featured_media":10610,"template":"","meta":{"_acf_changed":false,"slim_seo":{"description":"Dalla nutrizione all\u2019epigenetica, dalla cosmeceutica avanzata ai test predittivi, il futuro della cura della pelle e dei capelli \u00e8 gi\u00e0 qui. Scopri come la scienza pu\u00f2 trasformare la tua beauty routine e aiutarti a mantenere una pelle giovane e sana pi\u00f9 a lungo.","title":"Genetica e skin aging: diagnostica, prevenzione e trattamento - InGeno"}},"product_brand":[],"product_cat":[92],"product_tag":[],"class_list":{"0":"post-10609","1":"product","2":"type-product","3":"status-publish","4":"has-post-thumbnail","6":"product_cat-course","8":"first","9":"instock","10":"virtual","11":"purchasable","12":"product-type-simple"},"acf":[],"_links":{"self":[{"href":"https:\/\/ingeno.it\/en\/wp-json\/wp\/v2\/product\/10609","targetHints":{"allow":["GET"]}}],"collection":[{"href":"https:\/\/ingeno.it\/en\/wp-json\/wp\/v2\/product"}],"about":[{"href":"https:\/\/ingeno.it\/en\/wp-json\/wp\/v2\/types\/product"}],"wp:featuredmedia":[{"embeddable":true,"href":"https:\/\/ingeno.it\/en\/wp-json\/wp\/v2\/media\/10610"}],"wp:attachment":[{"href":"https:\/\/ingeno.it\/en\/wp-json\/wp\/v2\/media?parent=10609"}],"wp:term":[{"taxonomy":"product_brand","embeddable":true,"href":"https:\/\/ingeno.it\/en\/wp-json\/wp\/v2\/product_brand?post=10609"},{"taxonomy":"product_cat","embeddable":true,"href":"https:\/\/ingeno.it\/en\/wp-json\/wp\/v2\/product_cat?post=10609"},{"taxonomy":"product_tag","embeddable":true,"href":"https:\/\/ingeno.it\/en\/wp-json\/wp\/v2\/product_tag?post=10609"}],"curies":[{"name":"wp","href":"https:\/\/api.w.org\/{rel}","templated":true}]}}